{"id":50,"date":"2023-11-07T19:00:59","date_gmt":"2023-11-07T19:00:59","guid":{"rendered":"https:\/\/neoarh.rockhouseevents.ro\/?page_id=50"},"modified":"2023-11-07T19:21:53","modified_gmt":"2023-11-07T19:21:53","slug":"expozitia","status":"publish","type":"page","link":"https:\/\/neoarh.rockhouseevents.ro\/index.php\/expozitia\/","title":{"rendered":"Expozi\u021bia"},"content":{"rendered":"\n<div class=\"wp-block-cover aligncenter is-light\"><span aria-hidden=\"true\" class=\"wp-block-cover__background has-background-dim\"><\/span><img loading=\"lazy\" decoding=\"async\" width=\"1024\" height=\"670\" class=\"wp-block-cover__image-background wp-image-60\" alt=\"\" src=\"https:\/\/neoarh.rockhouseevents.ro\/wp-content\/uploads\/2023\/11\/IMG_6734-1024x670.jpg\" data-object-fit=\"cover\" srcset=\"https:\/\/neoarh.rockhouseevents.ro\/wp-content\/uploads\/2023\/11\/IMG_6734-1024x670.jpg 1024w, https:\/\/neoarh.rockhouseevents.ro\/wp-content\/uploads\/2023\/11\/IMG_6734-300x196.jpg 300w, https:\/\/neoarh.rockhouseevents.ro\/wp-content\/uploads\/2023\/11\/IMG_6734-768x503.jpg 768w, https:\/\/neoarh.rockhouseevents.ro\/wp-content\/uploads\/2023\/11\/IMG_6734-1536x1005.jpg 1536w, https:\/\/neoarh.rockhouseevents.ro\/wp-content\/uploads\/2023\/11\/IMG_6734-2048x1340.jpg 2048w, https:\/\/neoarh.rockhouseevents.ro\/wp-content\/uploads\/2023\/11\/IMG_6734-1568x1026.jpg 1568w\" sizes=\"auto, (max-width: 1024px) 100vw, 1024px\" \/><div class=\"wp-block-cover__inner-container is-layout-flow wp-block-cover-is-layout-flow\">\n<p class=\"has-text-align-left has-large-font-size\">Cele mai expresive dou\u0103zeci de fotografii machetate \u0219i panotate individual \u00een tablouri de 100\u00d770 cm constituie o expozi\u021bie permanent\u0103 accesibil\u0103 \u00een orice moment publicului timi\u0219orean, turi\u0219tilor rom\u00e2ni \u0219i str\u0103ini, dar \u0219i speciali\u0219tilor \u00een domeniile artelor vizuale.<\/p>\n<\/div><\/div>\n","protected":false},"excerpt":{"rendered":"","protected":false},"author":1,"featured_media":0,"parent":0,"menu_order":0,"comment_status":"closed","ping_status":"closed","template":"","meta":{"footnotes":""},"class_list":["post-50","page","type-page","status-publish","hentry","entry"],"_links":{"self":[{"href":"https:\/\/neoarh.rockhouseevents.ro\/index.php\/wp-json\/wp\/v2\/pages\/50","targetHints":{"allow":["GET"]}}],"collection":[{"href":"https:\/\/neoarh.rockhouseevents.ro\/index.php\/wp-json\/wp\/v2\/pages"}],"about":[{"href":"https:\/\/neoarh.rockhouseevents.ro\/index.php\/wp-json\/wp\/v2\/types\/page"}],"author":[{"embeddable":true,"href":"https:\/\/neoarh.rockhouseevents.ro\/index.php\/wp-json\/wp\/v2\/users\/1"}],"replies":[{"embeddable":true,"href":"https:\/\/neoarh.rockhouseevents.ro\/index.php\/wp-json\/wp\/v2\/comments?post=50"}],"version-history":[{"count":2,"href":"https:\/\/neoarh.rockhouseevents.ro\/index.php\/wp-json\/wp\/v2\/pages\/50\/revisions"}],"predecessor-version":[{"id":61,"href":"https:\/\/neoarh.rockhouseevents.ro\/index.php\/wp-json\/wp\/v2\/pages\/50\/revisions\/61"}],"wp:attachment":[{"href":"https:\/\/neoarh.rockhouseevents.ro\/index.php\/wp-json\/wp\/v2\/media?parent=50"}],"curies":[{"name":"wp","href":"https:\/\/api.w.org\/{rel}","templated":true}]}}