{"id":48,"date":"2023-11-07T19:00:03","date_gmt":"2023-11-07T19:00:03","guid":{"rendered":"https:\/\/neoarh.rockhouseevents.ro\/?page_id=48"},"modified":"2023-11-08T14:59:53","modified_gmt":"2023-11-08T14:59:53","slug":"filmul","status":"publish","type":"page","link":"https:\/\/neoarh.rockhouseevents.ro\/index.php\/filmul\/","title":{"rendered":"Filmul"},"content":{"rendered":"\n<p>Filmul documentar are o durat\u0103 de aproximativ 20 de minute \u0219i beneficiaz\u0103 de muzic\u0103 original\u0103. Tehnica folosit\u0103 pentru crearea documentarului con\u021bine elemente specifice de video-art pentru a accentua caracterul inedit \u0219i plurivalent al mesajului. Filmul este subtitrat \u00een limba englez\u0103.<\/p>\n\n\n\n<figure class=\"wp-block-image size-large\"><img loading=\"lazy\" decoding=\"async\" width=\"1024\" height=\"535\" src=\"https:\/\/neoarh.rockhouseevents.ro\/wp-content\/uploads\/2023\/11\/IMG_6846-1024x535.jpg\" alt=\"\" class=\"wp-image-68\" srcset=\"https:\/\/neoarh.rockhouseevents.ro\/wp-content\/uploads\/2023\/11\/IMG_6846-1024x535.jpg 1024w, https:\/\/neoarh.rockhouseevents.ro\/wp-content\/uploads\/2023\/11\/IMG_6846-300x157.jpg 300w, https:\/\/neoarh.rockhouseevents.ro\/wp-content\/uploads\/2023\/11\/IMG_6846-768x402.jpg 768w, https:\/\/neoarh.rockhouseevents.ro\/wp-content\/uploads\/2023\/11\/IMG_6846-1536x803.jpg 1536w, https:\/\/neoarh.rockhouseevents.ro\/wp-content\/uploads\/2023\/11\/IMG_6846-2048x1071.jpg 2048w, https:\/\/neoarh.rockhouseevents.ro\/wp-content\/uploads\/2023\/11\/IMG_6846-1568x820.jpg 1568w\" sizes=\"auto, (max-width: 1024px) 100vw, 1024px\" \/><\/figure>\n","protected":false},"excerpt":{"rendered":"<p>Filmul documentar are o durat\u0103 de aproximativ 20 de minute \u0219i beneficiaz\u0103 de muzic\u0103 original\u0103. Tehnica folosit\u0103 pentru crearea documentarului con\u021bine elemente specifice de video-art pentru a accentua caracterul inedit \u0219i plurivalent al mesajului. Filmul este subtitrat \u00een limba englez\u0103.<\/p>\n","protected":false},"author":1,"featured_media":0,"parent":0,"menu_order":0,"comment_status":"closed","ping_status":"closed","template":"","meta":{"footnotes":""},"class_list":["post-48","page","type-page","status-publish","hentry","entry"],"_links":{"self":[{"href":"https:\/\/neoarh.rockhouseevents.ro\/index.php\/wp-json\/wp\/v2\/pages\/48","targetHints":{"allow":["GET"]}}],"collection":[{"href":"https:\/\/neoarh.rockhouseevents.ro\/index.php\/wp-json\/wp\/v2\/pages"}],"about":[{"href":"https:\/\/neoarh.rockhouseevents.ro\/index.php\/wp-json\/wp\/v2\/types\/page"}],"author":[{"embeddable":true,"href":"https:\/\/neoarh.rockhouseevents.ro\/index.php\/wp-json\/wp\/v2\/users\/1"}],"replies":[{"embeddable":true,"href":"https:\/\/neoarh.rockhouseevents.ro\/index.php\/wp-json\/wp\/v2\/comments?post=48"}],"version-history":[{"count":2,"href":"https:\/\/neoarh.rockhouseevents.ro\/index.php\/wp-json\/wp\/v2\/pages\/48\/revisions"}],"predecessor-version":[{"id":69,"href":"https:\/\/neoarh.rockhouseevents.ro\/index.php\/wp-json\/wp\/v2\/pages\/48\/revisions\/69"}],"wp:attachment":[{"href":"https:\/\/neoarh.rockhouseevents.ro\/index.php\/wp-json\/wp\/v2\/media?parent=48"}],"curies":[{"name":"wp","href":"https:\/\/api.w.org\/{rel}","templated":true}]}}