{"id":11,"date":"2023-11-07T18:12:36","date_gmt":"2023-11-07T18:12:36","guid":{"rendered":"https:\/\/neoarh.rockhouseevents.ro\/?page_id=11"},"modified":"2023-11-08T15:02:14","modified_gmt":"2023-11-08T15:02:14","slug":"despre","status":"publish","type":"page","link":"https:\/\/neoarh.rockhouseevents.ro\/index.php\/despre\/","title":{"rendered":"Despre NEO-ARH"},"content":{"rendered":"\n<p>Proiectul \u201eNEO-ARH \u2013 Amprente ale stilului neoromanesc \u00een capitala european\u0103 a culturii\u2019\u2019 const\u0103 \u00een&nbsp;preg\u0103tirea \u0219i organizarea unui eveniment cu mai multe componente \u00een ora\u0219ul Timisoara, eveniment&nbsp;menit s\u0103 aduc\u0103 \u00een aten\u021bia publicului larg stilul arhitectural neorom\u00e2nesc, una dintre cele mai&nbsp;remarcabile crea\u021bii arhitecturale ale artei na\u021bionale \u0219i un veritabil simbol al unit\u0103\u021bii culturale. Prima component\u0103 a proiectului NEO-ARH const\u0103 \u00een preg\u0103tirea \u0219i organizarea unei expozi\u021bii de fotografie \u00eentr-un spa\u021biu emblematic din Timi\u0219oara care va include imagini ale principalelor cl\u0103diri \u00een stil<br>neorom\u00e2nesc din ora\u0219 \u0219i va fi disponibil\u0103 spre vizitare pe o perioad\u0103 de 10 zile. Cea de-a doua component\u0103 a proiectului const\u0103 \u00een realizarea unui documentar care va include perspectiva istoric\u0103&nbsp;\u0219i cea artistic\u0103 a unor cl\u0103diri reprezentative pentru stilul neorom\u00e2nesc din Timi\u0219oara, interviuri cu&nbsp;personalit\u0103\u021bi relevante \u0219i cu actuali proprietari\/gestionari ai cl\u0103dirilor. Cea de a treia component\u0103 vizeaz\u0103 realizarea unui catalog tematic bilingv care va centraliza cele mai importante informa\u021bii&nbsp;referitoare la prezen\u021ba stilului neorom\u00e2nesc \u00een Timi\u0219oara. Cu ocazia vernisajului expozi\u021biei de&nbsp;fotografie va avea loc premiera filmului documentar \u0219i o dezbatere la care vor participa speciali\u0219ti din&nbsp;domeniul teoriei artei \u0219i arhitecturii, regizorul filmului, personalit\u0103\u021bi culturale la nivel local \u0219i na\u021bional,&nbsp;precum \u0219i al\u021bi invita\u021bi relevan\u021bi pentru tematica vizat\u0103, studen\u021bi, vizitatori ai orasului etc. Pe perioada&nbsp;celor 10 zile de expozi\u021bie se vor organiza \u00eempreun\u0103 cu o echip\u0103 de voluntari, \u00een mod gratuit, tururi&nbsp;ghidate ale principalelor cl\u0103diri \u00een stil neoromanesc din Timi\u0219oara.<\/p>\n\n\n\n<p><em>Proiectul face parte din Programul cultural na\u021bional \u201cTimi\u0219oara \u2013 Capital\u0103 European\u0103 a Culturii \u00een anul 2023\u201d \u0219i este finan\u021bat prin programul Grow Timi\u0219oara 2023, derulat de Centrul de Proiecte al Municipiului Timi\u0219oara, cu sume alocate de la bugetul de stat, prin bugetul Ministerului Culturii.<\/em><\/p>\n\n\n\n<figure data-wp-context=\"{&quot;imageId&quot;:&quot;69dee5da9ee9e&quot;}\" data-wp-interactive=\"core\/image\" data-wp-key=\"69dee5da9ee9e\" class=\"wp-block-image size-large is-style-twentytwentyone-image-frame wp-lightbox-container\"><img loading=\"lazy\" decoding=\"async\" width=\"1024\" height=\"612\" data-wp-class--hide=\"state.isContentHidden\" data-wp-class--show=\"state.isContentVisible\" data-wp-init=\"callbacks.setButtonStyles\" data-wp-on--click=\"actions.showLightbox\" data-wp-on--load=\"callbacks.setButtonStyles\" data-wp-on-window--resize=\"callbacks.setButtonStyles\" src=\"https:\/\/neoarh.rockhouseevents.ro\/wp-content\/uploads\/2023\/11\/IMG_6564-1024x612.jpg\" alt=\"\" class=\"wp-image-70\" srcset=\"https:\/\/neoarh.rockhouseevents.ro\/wp-content\/uploads\/2023\/11\/IMG_6564-1024x612.jpg 1024w, https:\/\/neoarh.rockhouseevents.ro\/wp-content\/uploads\/2023\/11\/IMG_6564-300x179.jpg 300w, https:\/\/neoarh.rockhouseevents.ro\/wp-content\/uploads\/2023\/11\/IMG_6564-768x459.jpg 768w, https:\/\/neoarh.rockhouseevents.ro\/wp-content\/uploads\/2023\/11\/IMG_6564-1536x918.jpg 1536w, https:\/\/neoarh.rockhouseevents.ro\/wp-content\/uploads\/2023\/11\/IMG_6564-2048x1225.jpg 2048w, https:\/\/neoarh.rockhouseevents.ro\/wp-content\/uploads\/2023\/11\/IMG_6564-1568x938.jpg 1568w\" sizes=\"auto, (max-width: 1024px) 100vw, 1024px\" \/><button\n\t\t\tclass=\"lightbox-trigger\"\n\t\t\ttype=\"button\"\n\t\t\taria-haspopup=\"dialog\"\n\t\t\taria-label=\"Enlarge\"\n\t\t\tdata-wp-init=\"callbacks.initTriggerButton\"\n\t\t\tdata-wp-on--click=\"actions.showLightbox\"\n\t\t\tdata-wp-style--right=\"state.imageButtonRight\"\n\t\t\tdata-wp-style--top=\"state.imageButtonTop\"\n\t\t>\n\t\t\t<svg xmlns=\"http:\/\/www.w3.org\/2000\/svg\" width=\"12\" height=\"12\" fill=\"none\" viewBox=\"0 0 12 12\">\n\t\t\t\t<path fill=\"#fff\" d=\"M2 0a2 2 0 0 0-2 2v2h1.5V2a.5.5 0 0 1 .5-.5h2V0H2Zm2 10.5H2a.5.5 0 0 1-.5-.5V8H0v2a2 2 0 0 0 2 2h2v-1.5ZM8 12v-1.5h2a.5.5 0 0 0 .5-.5V8H12v2a2 2 0 0 1-2 2H8Zm2-12a2 2 0 0 1 2 2v2h-1.5V2a.5.5 0 0 0-.5-.5H8V0h2Z\" \/>\n\t\t\t<\/svg>\n\t\t<\/button><\/figure>\n","protected":false},"excerpt":{"rendered":"<p>Proiectul \u201eNEO-ARH \u2013 Amprente ale stilului neoromanesc \u00een capitala european\u0103 a culturii\u2019\u2019 const\u0103 \u00een&nbsp;preg\u0103tirea \u0219i organizarea unui eveniment cu mai multe componente \u00een ora\u0219ul Timisoara, eveniment&nbsp;menit s\u0103 aduc\u0103 \u00een aten\u021bia publicului larg stilul arhitectural neorom\u00e2nesc, una dintre cele mai&nbsp;remarcabile crea\u021bii arhitecturale ale artei na\u021bionale \u0219i un veritabil simbol al unit\u0103\u021bii culturale. Prima component\u0103 a proiectului&hellip; <a class=\"more-link\" href=\"https:\/\/neoarh.rockhouseevents.ro\/index.php\/despre\/\">Continue reading <span class=\"screen-reader-text\">Despre NEO-ARH<\/span><\/a><\/p>\n","protected":false},"author":1,"featured_media":0,"parent":0,"menu_order":0,"comment_status":"closed","ping_status":"closed","template":"","meta":{"footnotes":""},"class_list":["post-11","page","type-page","status-publish","hentry","entry"],"_links":{"self":[{"href":"https:\/\/neoarh.rockhouseevents.ro\/index.php\/wp-json\/wp\/v2\/pages\/11","targetHints":{"allow":["GET"]}}],"collection":[{"href":"https:\/\/neoarh.rockhouseevents.ro\/index.php\/wp-json\/wp\/v2\/pages"}],"about":[{"href":"https:\/\/neoarh.rockhouseevents.ro\/index.php\/wp-json\/wp\/v2\/types\/page"}],"author":[{"embeddable":true,"href":"https:\/\/neoarh.rockhouseevents.ro\/index.php\/wp-json\/wp\/v2\/users\/1"}],"replies":[{"embeddable":true,"href":"https:\/\/neoarh.rockhouseevents.ro\/index.php\/wp-json\/wp\/v2\/comments?post=11"}],"version-history":[{"count":3,"href":"https:\/\/neoarh.rockhouseevents.ro\/index.php\/wp-json\/wp\/v2\/pages\/11\/revisions"}],"predecessor-version":[{"id":71,"href":"https:\/\/neoarh.rockhouseevents.ro\/index.php\/wp-json\/wp\/v2\/pages\/11\/revisions\/71"}],"wp:attachment":[{"href":"https:\/\/neoarh.rockhouseevents.ro\/index.php\/wp-json\/wp\/v2\/media?parent=11"}],"curies":[{"name":"wp","href":"https:\/\/api.w.org\/{rel}","templated":true}]}}